{"id":182,"date":"2024-03-07T11:12:28","date_gmt":"2024-03-07T11:12:28","guid":{"rendered":"https:\/\/wordpressthemes.live\/WCG2\/WCM33_smarteye\/sunglasses01\/?post_type=product&#038;p=182"},"modified":"2024-06-25T20:57:28","modified_gmt":"2024-06-25T20:57:28","slug":"polarized-sunglasses-goggles-womens","status":"publish","type":"product","link":"https:\/\/netsuronline.cl\/?product=polarized-sunglasses-goggles-womens","title":{"rendered":"Kit Teclado Mouse Philco K5204"},"content":{"rendered":"<p>Este Kit permite que disfrutes de las caracter\u00edsticas que te da la tecnolog\u00eda inal\u00e1mbrica, con un mouse \u00f3ptico y teclado multimedia con teclas de acceso r\u00e1pido adem\u00e1s con su dise\u00f1o atractivo y delgado da estilo a tu escritorio:<\/p>\n<p>CARACTER\u00cdSTICAS<\/p>\n<p>Conectividad: teclado inal\u00e1mbrico, mouse<br \/>\ninal\u00e1mbrico USB<br \/>\nN\u00famero de teclas: 105 + 8 Teclas Multimedia<br \/>\nVida \u00fatil botones: 1 mill\u00f3n de clic<br \/>\nResistencia \/ fuerza G: 65+\/-5g<br \/>\nResoluci\u00f3n 800 \u2013 1200<br \/>\nSistema de soporte: Win XP \/ Vista \/ 7 \/ 8 \/10<br \/>\nDPI mouse: 800 \u2013 1200 \u2013 1600<br \/>\nconexi\u00f3n: USB (1 adaptador para teclado y mouse)<br \/>\nFrecuencia 2.4 GHz<br \/>\nTeclado: 1x pila AA (No incluida)<br \/>\nMouse: 2x pila AAA (No incluidas)<br \/>\nColor: Negro<br \/>\nModelo: 29PLCK5204<br \/>\nMarca: Philco<br \/>\nSKU Tecnocenter: 7404<\/p>\n","protected":false},"excerpt":{"rendered":"<p>Este Kit permite que disfrutes de las caracter\u00edsticas que te da la tecnolog\u00eda inal\u00e1mbrica, con un mouse \u00f3ptico y teclado multimedia con teclas de acceso r\u00e1pido adem\u00e1s con su dise\u00f1o atractivo y delgado da estilo a tu escritorio: CARACTER\u00cdSTICAS Conectividad: teclado inal\u00e1mbrico, mouse inal\u00e1mbrico USB N\u00famero de teclas: 105 + 8 Teclas Multimedia Vida \u00fatil&#8230;<\/p>\n","protected":false},"featured_media":912,"comment_status":"open","ping_status":"closed","template":"","meta":{"_bst_post_transparent":"default","_bst_post_title":"","_bst_post_layout":"default","_bst_post_sidebar_id":"","_bst_post_content_style":"default","_bst_post_vertical_padding":"default","_bst_post_feature":"","_bst_post_feature_position":"","_bst_post_header":false,"_bst_post_footer":false},"product_cat":[82],"product_tag":[98,99],"class_list":{"0":"post-182","1":"product","2":"type-product","3":"status-publish","4":"has-post-thumbnail","6":"product_cat-accesorios","7":"product_tag-teclado","8":"product_tag-tecmaster","10":"first","11":"instock","12":"shipping-taxable","13":"purchasable","14":"product-type-simple","15":"entry","16":"content-bg","17":"loop-entry"},"_links":{"self":[{"href":"https:\/\/netsuronline.cl\/index.php?rest_route=\/wp\/v2\/product\/182","targetHints":{"allow":["GET"]}}],"collection":[{"href":"https:\/\/netsuronline.cl\/index.php?rest_route=\/wp\/v2\/product"}],"about":[{"href":"https:\/\/netsuronline.cl\/index.php?rest_route=\/wp\/v2\/types\/product"}],"replies":[{"embeddable":true,"href":"https:\/\/netsuronline.cl\/index.php?rest_route=%2Fwp%2Fv2%2Fcomments&post=182"}],"wp:featuredmedia":[{"embeddable":true,"href":"https:\/\/netsuronline.cl\/index.php?rest_route=\/wp\/v2\/media\/912"}],"wp:attachment":[{"href":"https:\/\/netsuronline.cl\/index.php?rest_route=%2Fwp%2Fv2%2Fmedia&parent=182"}],"wp:term":[{"taxonomy":"product_cat","embeddable":true,"href":"https:\/\/netsuronline.cl\/index.php?rest_route=%2Fwp%2Fv2%2Fproduct_cat&post=182"},{"taxonomy":"product_tag","embeddable":true,"href":"https:\/\/netsuronline.cl\/index.php?rest_route=%2Fwp%2Fv2%2Fproduct_tag&post=182"}],"curies":[{"name":"wp","href":"https:\/\/api.w.org\/{rel}","templated":true}]}}