{"id":184,"date":"2024-03-07T11:13:03","date_gmt":"2024-03-07T11:13:03","guid":{"rendered":"https:\/\/wordpressthemes.live\/WCG2\/WCM33_smarteye\/sunglasses01\/?post_type=product&#038;p=184"},"modified":"2024-07-21T14:12:17","modified_gmt":"2024-07-21T14:12:17","slug":"toner-tn-2370-brother-original-rendimiento-2600-pag-aprox","status":"publish","type":"product","link":"https:\/\/netsuronline.cl\/?product=toner-tn-2370-brother-original-rendimiento-2600-pag-aprox","title":{"rendered":"Toner TN-2370 Brother Original Rendimiento 2600 Pag aprox"},"content":{"rendered":"<p align=\"justify\">Brother es confiado a proporcionar el valor excepcional para los clientes utilizando su tecnolog\u00eda y conocimientos t\u00e9cnicos acumulados para satisfacer sus necesidades. La compa\u00f1\u00eda provee los productos \u00fanicos, para el uso personal en oficina y el hogar, que incorporan el placer de la creaci\u00f3n con funcionalidad pr\u00e1ctica.<\/p>\n<ul>\n<li>Tipo de producto: Toner<\/li>\n<li>Color: Negro<\/li>\n<li>Tecnolog\u00eda de impresora: Laser<\/li>\n<li>Ciclo de funcionamiento: 2.600 P\u00e1ginas<\/li>\n<li>Compatible con: HL-L2320D, HL-L2360DW, DCP L2540DW, MFC-L2740DW, MFC-L2700DW<\/li>\n<\/ul>\n","protected":false},"excerpt":{"rendered":"<p align=\"justify\">Brother es confiado a proporcionar el valor excepcional para los clientes utilizando su tecnolog\u00eda y conocimientos t\u00e9cnicos acumulados para satisfacer sus necesidades. La compa\u00f1\u00eda provee los productos \u00fanicos, para el uso personal en oficina y el hogar, que incorporan el placer de la creaci\u00f3n con funcionalidad pr\u00e1ctica.<\/p>\n","protected":false},"featured_media":810,"comment_status":"open","ping_status":"closed","template":"","meta":{"_bst_post_transparent":"default","_bst_post_title":"","_bst_post_layout":"default","_bst_post_sidebar_id":"","_bst_post_content_style":"default","_bst_post_vertical_padding":"default","_bst_post_feature":"","_bst_post_feature_position":"","_bst_post_header":false,"_bst_post_footer":false},"product_cat":[82,50,88,63],"product_tag":[89,90],"class_list":{"0":"post-184","1":"product","2":"type-product","3":"status-publish","4":"has-post-thumbnail","6":"product_cat-accesorios","7":"product_cat-our-store","8":"product_cat-toner","9":"product_cat-wayfarer","10":"product_tag-brother","11":"product_tag-toner","13":"first","14":"instock","15":"featured","16":"shipping-taxable","17":"purchasable","18":"product-type-simple","19":"entry","20":"content-bg","21":"loop-entry"},"_links":{"self":[{"href":"https:\/\/netsuronline.cl\/index.php?rest_route=\/wp\/v2\/product\/184","targetHints":{"allow":["GET"]}}],"collection":[{"href":"https:\/\/netsuronline.cl\/index.php?rest_route=\/wp\/v2\/product"}],"about":[{"href":"https:\/\/netsuronline.cl\/index.php?rest_route=\/wp\/v2\/types\/product"}],"replies":[{"embeddable":true,"href":"https:\/\/netsuronline.cl\/index.php?rest_route=%2Fwp%2Fv2%2Fcomments&post=184"}],"wp:featuredmedia":[{"embeddable":true,"href":"https:\/\/netsuronline.cl\/index.php?rest_route=\/wp\/v2\/media\/810"}],"wp:attachment":[{"href":"https:\/\/netsuronline.cl\/index.php?rest_route=%2Fwp%2Fv2%2Fmedia&parent=184"}],"wp:term":[{"taxonomy":"product_cat","embeddable":true,"href":"https:\/\/netsuronline.cl\/index.php?rest_route=%2Fwp%2Fv2%2Fproduct_cat&post=184"},{"taxonomy":"product_tag","embeddable":true,"href":"https:\/\/netsuronline.cl\/index.php?rest_route=%2Fwp%2Fv2%2Fproduct_tag&post=184"}],"curies":[{"name":"wp","href":"https:\/\/api.w.org\/{rel}","templated":true}]}}